{"id":5928,"date":"2024-06-14T15:51:22","date_gmt":"2024-06-14T13:51:22","guid":{"rendered":"https:\/\/bestinvest.hr\/announcement-2024\/"},"modified":"2024-06-14T17:09:30","modified_gmt":"2024-06-14T15:09:30","slug":"announcement-2024","status":"publish","type":"page","link":"https:\/\/bestinvest.hr\/hr\/announcement-2024\/","title":{"rendered":"Announcement 2024"},"content":{"rendered":"\t\t<div data-elementor-type=\"wp-page\" data-elementor-id=\"5928\" class=\"elementor elementor-5928 elementor-5917\" data-elementor-post-type=\"page\">\n\t\t\t\t\t\t\t\t\t<section class=\"has_ae_slider elementor-section elementor-top-section elementor-element elementor-element-b0f17f7 elementor-section-content-bottom elementor-section-boxed elementor-section-height-default elementor-section-height-default ae-bg-gallery-type-default\" data-id=\"b0f17f7\" data-element_type=\"section\">\n\t\t\t\t\t\t<div class=\"elementor-container elementor-column-gap-default\">\n\t\t\t\t\t<div class=\"has_ae_slider elementor-column elementor-col-100 elementor-top-column elementor-element elementor-element-ce84360 ae-bg-gallery-type-default\" data-id=\"ce84360\" data-element_type=\"column\">\n\t\t\t<div class=\"elementor-widget-wrap elementor-element-populated\">\n\t\t\t\t\t\t\t\t<div class=\"elementor-element elementor-element-30d41c9 elementor-widget elementor-widget-heading\" data-id=\"30d41c9\" data-element_type=\"widget\" data-widget_type=\"heading.default\">\n\t\t\t\t<div class=\"elementor-widget-container\">\n\t\t\t<style>\/*! elementor - v3.18.0 - 20-12-2023 *\/\n.elementor-heading-title{padding:0;margin:0;line-height:1}.elementor-widget-heading .elementor-heading-title[class*=elementor-size-]>a{color:inherit;font-size:inherit;line-height:inherit}.elementor-widget-heading .elementor-heading-title.elementor-size-small{font-size:15px}.elementor-widget-heading .elementor-heading-title.elementor-size-medium{font-size:19px}.elementor-widget-heading .elementor-heading-title.elementor-size-large{font-size:29px}.elementor-widget-heading .elementor-heading-title.elementor-size-xl{font-size:39px}.elementor-widget-heading .elementor-heading-title.elementor-size-xxl{font-size:59px}<\/style><h2 class=\"elementor-heading-title elementor-size-default\">BestInvest.hr okupio hrvatske investitore te\u0161ke preko tri milijarde eura s nagradama za najbolja ulaganja u brzorastu\u0107e i inovativne tvrtke <\/h2>\t\t<\/div>\n\t\t\t\t<\/div>\n\t\t\t\t<div class=\"elementor-element elementor-element-999ae2c elementor-widget elementor-widget-text-editor\" data-id=\"999ae2c\" data-element_type=\"widget\" data-widget_type=\"text-editor.default\">\n\t\t\t\t<div class=\"elementor-widget-container\">\n\t\t\t<style>\/*! elementor - v3.18.0 - 20-12-2023 *\/\n.elementor-widget-text-editor.elementor-drop-cap-view-stacked .elementor-drop-cap{background-color:#69727d;color:#fff}.elementor-widget-text-editor.elementor-drop-cap-view-framed .elementor-drop-cap{color:#69727d;border:3px solid;background-color:transparent}.elementor-widget-text-editor:not(.elementor-drop-cap-view-default) .elementor-drop-cap{margin-top:8px}.elementor-widget-text-editor:not(.elementor-drop-cap-view-default) .elementor-drop-cap-letter{width:1em;height:1em}.elementor-widget-text-editor .elementor-drop-cap{float:left;text-align:center;line-height:1;font-size:50px}.elementor-widget-text-editor .elementor-drop-cap-letter{display:inline-block}<\/style>\t\t\t\t<p>12 lipnja 2024.<\/p>\n\t\t\t\t\t\t<\/div>\n\t\t\t\t<\/div>\n\t\t\t\t<div class=\"elementor-element elementor-element-693a8db elementor-widget elementor-widget-image\" data-id=\"693a8db\" data-element_type=\"widget\" data-widget_type=\"image.default\">\n\t\t\t\t<div class=\"elementor-widget-container\">\n\t\t\t<style>\/*! elementor - v3.18.0 - 20-12-2023 *\/\n.elementor-widget-image{text-align:center}.elementor-widget-image a{display:inline-block}.elementor-widget-image a img[src$=\".svg\"]{width:48px}.elementor-widget-image img{vertical-align:middle;display:inline-block}<\/style>\t\t\t\t\t\t\t\t\t\t\t\t<img fetchpriority=\"high\" decoding=\"async\" width=\"800\" height=\"421\" src=\"https:\/\/bestinvest.hr\/wp-content\/uploads\/2022\/02\/wide-sustainable.png\" class=\"attachment-large size-large wp-image-97\" alt=\"\" srcset=\"https:\/\/bestinvest.hr\/wp-content\/uploads\/2022\/02\/wide-sustainable.png 950w, https:\/\/bestinvest.hr\/wp-content\/uploads\/2022\/02\/wide-sustainable-300x158.png 300w, https:\/\/bestinvest.hr\/wp-content\/uploads\/2022\/02\/wide-sustainable-768x404.png 768w\" sizes=\"(max-width: 800px) 100vw, 800px\" \/>\t\t\t\t\t\t\t\t\t\t\t\t\t\t\t<\/div>\n\t\t\t\t<\/div>\n\t\t\t\t<div class=\"elementor-element elementor-element-77e2ab2 text elementor-widget elementor-widget-text-editor\" data-id=\"77e2ab2\" data-element_type=\"widget\" data-widget_type=\"text-editor.default\">\n\t\t\t\t<div class=\"elementor-widget-container\">\n\t\t\t\t\t\t\t<p>Na godi\u0161njoj konferenciji <a href=\"https:\/\/bestinvest.hr\/hr\/\">BestInvest<\/a> Hrvatska u organizaciji Hrvatske Private Equity i Venture Capital Asocijacije (<a href=\"https:\/\/cvca.hr\/\">CVCA<\/a>) odr\u017eanoj 12. lipnja u hotelu Westin, Zagreb, dodijeljene su godi\u0161nje nagrade za najbolja ulaganja u brzorastu\u0107e kompanije i startupove tj. najbolja private equity i venture capital (PE&amp;VC) ulaganja.<\/p>\n<p>U kategorijama <strong>Osniva\u010d godine<\/strong> nagradu je dobila Matija Naki\u0107, osniva\u010dica i direktorica Farseer, a <strong>Investitor godine<\/strong> je Provectus Capital Partners. Nagradu za <strong>Private equity investiciju godine<\/strong> osvojila je Invera Equity Partners za ulaganje u Muzej Iluzije. <strong>Venture Capital investicija godine<\/strong> ide Farseeru za prikupljanje venture capital ulaganja od Apertu Capital, SQ Capital i ostalih ulaga\u010da.<\/p>\n<p>\u201e<em>Hrvatska Private Equity i Venture Capital Asocijacija postoji ve\u0107 20 godina, a tada i jo\u0161 puno godina nakon osnivanja radilo se samo o nekoj hrabroj skupini investitora \u201erizi\u010dnog kapitala\u201c u kojoj ve\u0107ina poduzetnika nije prepoznavala partnera za razvoj, rast i uspjeh. Danas private equity i venture capital fondovi, tako\u0111er poznati i kao fondovi rizi\u010dnog kapitala, ne predstavljaju ne\u0161to egzoti\u010dno ili svojevrsnu tr\u017ei\u0161nu ni\u0161u. Naprotiv, radi se o fondovima koji su svojim djelovanjem podr\u017eavaju\u0107i najpropulzivnije tvrtke na\u0161eg gospodarstva postali kamen temeljac hrvatske ekonomije i integralni dio hrvatskog dru\u0161tva. Private equity i venture capital fondovi podupiru na\u0161 svakodnevni \u017eivot u mjeri u kojoj to jo\u0161 u potpunosti ne do\u017eivljavamo. Naime, danas su te tvrtke prisutne u svim vode\u0107im tvrtkama u razli\u010ditim djelatnostima od informatike do maloprodaje, zdravstva, turizma, proizvodnje i brojnih drugih Po\u010detno ulaganje je \u010desto u startupe ili mala i srednja poduze\u0107a, a te male firme postaju me\u0111unarodne uspje\u0161ne pri\u010de jer private equity i venture capital ulaga\u010di tra\u017ee prilike za ulaganja\u00a0 s perspektivom brzog rasta i globalnog konkurentnog proizvoda ili usluge. Ambiciozne lokalne tvrtke s nekoliko zaposlenika i svijetlom idejom mogu postati multinacionalne korporacije koje zapo\u0161ljavaju tisu\u0107e. Doprinos private equity i venture kapitala hrvatskom gospodarstvu i dru\u0161tvu u cjelini je pri\u010da o potpori inovacijama, rastu i stvaranju radnih mjesta. Danas smo perjanica transformacije hrvatskog gospodarstva u \u017eeljenom smjeru &#8216;high skill, high tech i high wage&#8217;. To\u010dno u skladu sa sloganom na\u0161e BestInvest konferencije \u2013 support the best and transform the rest!\u201c<\/em> &#8211; kazala je predsjednica CVCA Mirna Marovi\u0107,<\/p>\n<p><em>\u201eHrvatska banka za obnovu i razvitak klju\u010dna je za razvoj tr\u017ei\u0161ta rizi\u010dnog kapitala te vi\u0161e od desetlje\u0107a predstavlja sredi\u0161nje mjesto razvoja ove industrije. U zadnjih pet godina, HBOR je pokrenuo niz novih inicijativa, uklju\u010duju\u0107i CROGIP i CEETT u partnerstvo s Europskim investicijskim fondom u koje je do sada ulo\u017eeno 50 milijuna eura, a taj iznos uve\u0107an je za kapital privatnih ulaga\u010da od 300 milijuna eura \u0161to sve zajedno predstavlja raspolo\u017eiv kapital za brzorastu\u0107a i inovativna hrvatska poduze\u0107a. Nove inicijative uklju\u010duju CROGIP 2, te inicijativa tri mora, a tu su u razvoju novi financijski instrumenti koje \u0107e HBOR mo\u0107i kreirati nakon rigoroznog procesa odobrenja od strane Europske komisije iz InvestEU programa\u201c <\/em>istaknuo je na BestInvestu, predsjednik Uprave Hrvatske banke za obnovu i razvitak (HBOR), Hrvoje \u010cuvalo.<\/p>\n<p>Sla\u0111ana \u0106osi\u0107, voditeljica ureda grupe Europske investicijske banke u\u00a0 Hrvatskoj poru\u010dila je s pozornice konferencije da Europska investicijska banka zajedno sa sestrinskom firmom Europskim investicijskim fondom klju\u010dan za razvoj private equity i venture capital industrije u Hrvatskoj sudjeluju\u0107i u inicijativama CROGIP,\u00a0 CROGIP II, CVCi, CVCi II, CEETT zajedno s partnerima HBOR-om i Ministarstvom regionalnog razvoja i Europskih fondova.<\/p>\n<p>Doga\u0111aj na kojem se okupljaju investitori \u201ete\u0161ki\u201c preko 3 milijarde eura i najinovativniji hrvatski poduzetnici odr\u017ean je \u010detvrtu godinu za redom, a stru\u010dni \u017eiri su \u010dinili eminentni stru\u010dnjaci iz poslovne zajednice: Velimir Sri\u0107a (Ekonomski fakultet), Marijana Ivanov (Ekonomski fakultet\/Hrvatski izvoznici), Leo Mr\u0161i\u0107 (Algebra), Ivana Ga\u017ei\u0107 (ZSE), Goran \u0160aravnja (HGK), Tamara Perko (HUB), Hajdi \u0106enan (CRO StartUP), Sven Harja\u010dek (Bird Inkubator), Filip Stipan\u010di\u0107 (Smion), Vladimir Ni\u0161evi\u0107 (Poslovni dnevnik), Andrej Knez (Addiko Bank), Bernard Ivezi\u0107 (Unicorn Underground).<\/p>\n\t\t\t\t\t\t<\/div>\n\t\t\t\t<\/div>\n\t\t\t\t<section class=\"has_ae_slider elementor-section elementor-inner-section elementor-element elementor-element-db3be98 elementor-section-boxed elementor-section-height-default elementor-section-height-default ae-bg-gallery-type-default\" data-id=\"db3be98\" data-element_type=\"section\">\n\t\t\t\t\t\t<div class=\"elementor-container elementor-column-gap-default\">\n\t\t\t\t\t<div class=\"has_ae_slider elementor-column elementor-col-100 elementor-inner-column elementor-element elementor-element-5fa239e ae-bg-gallery-type-default\" data-id=\"5fa239e\" data-element_type=\"column\">\n\t\t\t<div class=\"elementor-widget-wrap elementor-element-populated\">\n\t\t\t\t\t\t\t\t<div class=\"elementor-element elementor-element-7c97920 my-btn hide elementor-widget__width-auto elementor-widget elementor-widget-button\" data-id=\"7c97920\" data-element_type=\"widget\" data-widget_type=\"button.default\">\n\t\t\t\t<div class=\"elementor-widget-container\">\n\t\t\t\t\t<div class=\"elementor-button-wrapper\">\n\t\t\t<a class=\"elementor-button elementor-button-link elementor-size-md\" href=\"https:\/\/bestinvest.hr\/wp-content\/uploads\/2022\/07\/BESTINVEST-HRbrosura-FINAL2-web.pdf\">\n\t\t\t\t\t\t<span class=\"elementor-button-content-wrapper\">\n\t\t\t\t\t\t<span class=\"elementor-button-text\">PREUZMI BRO\u0160URU<\/span>\n\t\t<\/span>\n\t\t\t\t\t<\/a>\n\t\t<\/div>\n\t\t\t\t<\/div>\n\t\t\t\t<\/div>\n\t\t\t\t<div class=\"elementor-element elementor-element-37277ac my-btn hide elementor-widget__width-auto elementor-widget elementor-widget-button\" data-id=\"37277ac\" data-element_type=\"widget\" data-widget_type=\"button.default\">\n\t\t\t\t<div class=\"elementor-widget-container\">\n\t\t\t\t\t<div class=\"elementor-button-wrapper\">\n\t\t\t<a class=\"elementor-button elementor-button-link elementor-size-md\" href=\"https:\/\/www.youtube.com\/watch?v=Gy2EUEVD7rw&#038;ab_channel=VentureXchange\">\n\t\t\t\t\t\t<span class=\"elementor-button-content-wrapper\">\n\t\t\t\t\t\t<span class=\"elementor-button-text\">Pogledaj snimku 2022<\/span>\n\t\t<\/span>\n\t\t\t\t\t<\/a>\n\t\t<\/div>\n\t\t\t\t<\/div>\n\t\t\t\t<\/div>\n\t\t\t\t<div class=\"elementor-element elementor-element-a0b0122 my-btn elementor-widget__width-auto elementor-widget elementor-widget-button\" data-id=\"a0b0122\" data-element_type=\"widget\" data-widget_type=\"button.default\">\n\t\t\t\t<div class=\"elementor-widget-container\">\n\t\t\t\t\t<div class=\"elementor-button-wrapper\">\n\t\t\t<a class=\"elementor-button elementor-button-link elementor-size-md\" href=\"https:\/\/bestinvest.hr\/hr\/galerija-bestinvest-2024\/\">\n\t\t\t\t\t\t<span class=\"elementor-button-content-wrapper\">\n\t\t\t\t\t\t<span class=\"elementor-button-text\">Pogledaj galeriju fotografija 2024<\/span>\n\t\t<\/span>\n\t\t\t\t\t<\/a>\n\t\t<\/div>\n\t\t\t\t<\/div>\n\t\t\t\t<\/div>\n\t\t\t\t<div class=\"elementor-element elementor-element-d246811 my-btn hide elementor-widget__width-auto elementor-widget elementor-widget-button\" data-id=\"d246811\" data-element_type=\"widget\" data-widget_type=\"button.default\">\n\t\t\t\t<div class=\"elementor-widget-container\">\n\t\t\t\t\t<div class=\"elementor-button-wrapper\">\n\t\t\t<a class=\"elementor-button elementor-size-md\" role=\"button\">\n\t\t\t\t\t\t<span class=\"elementor-button-content-wrapper\">\n\t\t\t\t\t\t<span class=\"elementor-button-text\">POGLEDAJ SNIMKU<\/span>\n\t\t<\/span>\n\t\t\t\t\t<\/a>\n\t\t<\/div>\n\t\t\t\t<\/div>\n\t\t\t\t<\/div>\n\t\t\t\t<div class=\"elementor-element elementor-element-b56bd82 my-btn hide elementor-widget__width-auto elementor-widget elementor-widget-button\" data-id=\"b56bd82\" data-element_type=\"widget\" data-widget_type=\"button.default\">\n\t\t\t\t<div class=\"elementor-widget-container\">\n\t\t\t\t\t<div class=\"elementor-button-wrapper\">\n\t\t\t<a class=\"elementor-button elementor-size-md\" role=\"button\">\n\t\t\t\t\t\t<span class=\"elementor-button-content-wrapper\">\n\t\t\t\t\t\t<span class=\"elementor-button-text\">Galerija fotografija<\/span>\n\t\t<\/span>\n\t\t\t\t\t<\/a>\n\t\t<\/div>\n\t\t\t\t<\/div>\n\t\t\t\t<\/div>\n\t\t\t\t\t<\/div>\n\t\t<\/div>\n\t\t\t\t\t\t\t<\/div>\n\t\t<\/section>\n\t\t\t\t\t<\/div>\n\t\t<\/div>\n\t\t\t\t\t\t\t<\/div>\n\t\t<\/section>\n\t\t\t\t\t\t\t<\/div>\n\t\t","protected":false},"excerpt":{"rendered":"<p>BestInvest.hr okupio hrvatske investitore te\u0161ke preko tri milijarde eura s nagradama za najbolja ulaganja u brzorastu\u0107e i inovativne tvrtke 12 lipnja 2024. Na godi\u0161njoj konferenciji BestInvest Hrvatska u organizaciji Hrvatske Private Equity i Venture Capital Asocijacije (CVCA) odr\u017eanoj 12. lipnja u hotelu Westin, Zagreb, dodijeljene su godi\u0161nje nagrade za najbolja ulaganja u brzorastu\u0107e kompanije i [&hellip;]<\/p>\n","protected":false},"author":1,"featured_media":0,"parent":0,"menu_order":0,"comment_status":"closed","ping_status":"closed","template":"","meta":{"footnotes":""},"class_list":["post-5928","page","type-page","status-publish","hentry"],"aioseo_notices":[],"_links":{"self":[{"href":"https:\/\/bestinvest.hr\/hr\/wp-json\/wp\/v2\/pages\/5928","targetHints":{"allow":["GET"]}}],"collection":[{"href":"https:\/\/bestinvest.hr\/hr\/wp-json\/wp\/v2\/pages"}],"about":[{"href":"https:\/\/bestinvest.hr\/hr\/wp-json\/wp\/v2\/types\/page"}],"author":[{"embeddable":true,"href":"https:\/\/bestinvest.hr\/hr\/wp-json\/wp\/v2\/users\/1"}],"replies":[{"embeddable":true,"href":"https:\/\/bestinvest.hr\/hr\/wp-json\/wp\/v2\/comments?post=5928"}],"version-history":[{"count":2,"href":"https:\/\/bestinvest.hr\/hr\/wp-json\/wp\/v2\/pages\/5928\/revisions"}],"predecessor-version":[{"id":5980,"href":"https:\/\/bestinvest.hr\/hr\/wp-json\/wp\/v2\/pages\/5928\/revisions\/5980"}],"wp:attachment":[{"href":"https:\/\/bestinvest.hr\/hr\/wp-json\/wp\/v2\/media?parent=5928"}],"curies":[{"name":"wp","href":"https:\/\/api.w.org\/{rel}","templated":true}]}}