{"id":4662,"date":"2023-06-29T10:10:03","date_gmt":"2023-06-29T08:10:03","guid":{"rendered":"https:\/\/bestinvest.hr\/obavijest-2023\/"},"modified":"2023-06-29T10:10:05","modified_gmt":"2023-06-29T08:10:05","slug":"obavijest-2023","status":"publish","type":"page","link":"https:\/\/bestinvest.hr\/hr\/obavijest-2023\/","title":{"rendered":"Obavijest 2023"},"content":{"rendered":"\t\t<div data-elementor-type=\"wp-page\" data-elementor-id=\"4662\" class=\"elementor elementor-4662 elementor-4534\" data-elementor-post-type=\"page\">\n\t\t\t\t\t\t\t\t\t<section class=\"has_ae_slider elementor-section elementor-top-section elementor-element elementor-element-b0f17f7 elementor-section-content-bottom elementor-section-boxed elementor-section-height-default elementor-section-height-default ae-bg-gallery-type-default\" data-id=\"b0f17f7\" data-element_type=\"section\">\n\t\t\t\t\t\t<div class=\"elementor-container elementor-column-gap-default\">\n\t\t\t\t\t<div class=\"has_ae_slider elementor-column elementor-col-100 elementor-top-column elementor-element elementor-element-ce84360 ae-bg-gallery-type-default\" data-id=\"ce84360\" data-element_type=\"column\">\n\t\t\t<div class=\"elementor-widget-wrap elementor-element-populated\">\n\t\t\t\t\t\t\t\t<div class=\"elementor-element elementor-element-30d41c9 elementor-widget elementor-widget-heading\" data-id=\"30d41c9\" data-element_type=\"widget\" data-widget_type=\"heading.default\">\n\t\t\t\t<div class=\"elementor-widget-container\">\n\t\t\t<style>\/*! elementor - v3.18.0 - 20-12-2023 *\/\n.elementor-heading-title{padding:0;margin:0;line-height:1}.elementor-widget-heading .elementor-heading-title[class*=elementor-size-]>a{color:inherit;font-size:inherit;line-height:inherit}.elementor-widget-heading .elementor-heading-title.elementor-size-small{font-size:15px}.elementor-widget-heading .elementor-heading-title.elementor-size-medium{font-size:19px}.elementor-widget-heading .elementor-heading-title.elementor-size-large{font-size:29px}.elementor-widget-heading .elementor-heading-title.elementor-size-xl{font-size:39px}.elementor-widget-heading .elementor-heading-title.elementor-size-xxl{font-size:59px}<\/style><h2 class=\"elementor-heading-title elementor-size-default\">BestInvest: Hrvatska \u010dak pet puta bolja od prosjeka CEE regije u private equity i venture capital ulaganjima<\/h2>\t\t<\/div>\n\t\t\t\t<\/div>\n\t\t\t\t<div class=\"elementor-element elementor-element-999ae2c elementor-widget elementor-widget-text-editor\" data-id=\"999ae2c\" data-element_type=\"widget\" data-widget_type=\"text-editor.default\">\n\t\t\t\t<div class=\"elementor-widget-container\">\n\t\t\t<style>\/*! elementor - v3.18.0 - 20-12-2023 *\/\n.elementor-widget-text-editor.elementor-drop-cap-view-stacked .elementor-drop-cap{background-color:#69727d;color:#fff}.elementor-widget-text-editor.elementor-drop-cap-view-framed .elementor-drop-cap{color:#69727d;border:3px solid;background-color:transparent}.elementor-widget-text-editor:not(.elementor-drop-cap-view-default) .elementor-drop-cap{margin-top:8px}.elementor-widget-text-editor:not(.elementor-drop-cap-view-default) .elementor-drop-cap-letter{width:1em;height:1em}.elementor-widget-text-editor .elementor-drop-cap{float:left;text-align:center;line-height:1;font-size:50px}.elementor-widget-text-editor .elementor-drop-cap-letter{display:inline-block}<\/style>\t\t\t\t<p>29. srpnja 2023.<\/p>\n\t\t\t\t\t\t<\/div>\n\t\t\t\t<\/div>\n\t\t\t\t<div class=\"elementor-element elementor-element-693a8db elementor-widget elementor-widget-image\" data-id=\"693a8db\" data-element_type=\"widget\" data-widget_type=\"image.default\">\n\t\t\t\t<div class=\"elementor-widget-container\">\n\t\t\t<style>\/*! elementor - v3.18.0 - 20-12-2023 *\/\n.elementor-widget-image{text-align:center}.elementor-widget-image a{display:inline-block}.elementor-widget-image a img[src$=\".svg\"]{width:48px}.elementor-widget-image img{vertical-align:middle;display:inline-block}<\/style>\t\t\t\t\t\t\t\t\t\t\t\t<img fetchpriority=\"high\" decoding=\"async\" width=\"800\" height=\"421\" src=\"https:\/\/bestinvest.hr\/wp-content\/uploads\/2022\/02\/wide-sustainable.png\" class=\"attachment-large size-large wp-image-97\" alt=\"\" srcset=\"https:\/\/bestinvest.hr\/wp-content\/uploads\/2022\/02\/wide-sustainable.png 950w, https:\/\/bestinvest.hr\/wp-content\/uploads\/2022\/02\/wide-sustainable-300x158.png 300w, https:\/\/bestinvest.hr\/wp-content\/uploads\/2022\/02\/wide-sustainable-768x404.png 768w\" sizes=\"(max-width: 800px) 100vw, 800px\" \/>\t\t\t\t\t\t\t\t\t\t\t\t\t\t\t<\/div>\n\t\t\t\t<\/div>\n\t\t\t\t<div class=\"elementor-element elementor-element-77e2ab2 text elementor-widget elementor-widget-text-editor\" data-id=\"77e2ab2\" data-element_type=\"widget\" data-widget_type=\"text-editor.default\">\n\t\t\t\t<div class=\"elementor-widget-container\">\n\t\t\t\t\t\t\t<p>Na tre\u0107oj godi\u0161njoj konferenciji BestInvest Hrvatska u organizaciji Hrvatske Private Equity i Venture Capital Asocijacije (CVCA) odr\u017eanoj 27. lipnja 2023. u Westinu, dodijeljene su godi\u0161nje nagrade za najbolja ulaganja u brzorastu\u0107e kompanije i startupove tj. najbolja private equity i venture capital (PE&amp;VC) ulaganja u 2022.<\/p>\n<p>U kategorijama Osniva\u010d godine 2022. nagradu je osvojila Nikolina Lauc, co-founderica i CEO GlycanAge, a Investitor godine 2022. je Provectus Capital Partners. Nagradu za Private equity investiciju godine 2022. dobilo je tako\u0111er vodstvo Provectus Capital Partners za ulaganje u Specijalnu bolnicu Aritheru. Venture Capital investicija godine 2022. u kasnoj fazi pripala je Rimac grupi.<br \/>\nVenture Capital investiciju godine u ranoj fazi 2022. dobili su Fil Rouge Capital za ulagannje u Native Teams, a tre\u0107u nagradu konferencije, ovoga puta za Prikupljanje kapitala godine 2022., oti\u0161la je Provectus Capital Partners.<\/p>\n<p>\u201eKada se private equity i venture capital ulaganja gledaju u kontekstu udjela u ukupnom BDP-u, u pro\u0161loj godini Hrvatska je prikupila 0.650% svog BDP-a i po tome je jedina europska zemlja uz Estoniju koja je uspjela prikupiti ne\u0161to vi\u0161e od europskog prosjeka koji iznosi 0.638%. Sve ostale zemlje Srednje i Isto\u010dne Europe (CEE) su daleko ispod tog prosjeka, jer je prosjek CEE regije u privla\u010denju private equity i venture capital ulaganja iznosi 0.131% BDP-a u pro\u0161loj godini. Hrvatska je dakle pet puta bolja od prosjeka regije (CEE) i mrvicu bolja od europskog prosjeka, \u0161to je rijetkost u drugim ekonomskim pokazateljima.\u201c \u2013 kazala je predsjednica CVCA Mirna Marovi\u0107.<br \/>\n\u201eHrvatska na krilima uspjeha Infobipa, Rimca, Photomatha, Fonoe i mnogih drugih uspje\u0161nih poslovnih pri\u010da potaknutih PE&amp;VC ulaganjima ima priliku izgraditi, potpuno novi gospodarski ekosustav. Taj novi ekosustav je temeljen na tri stupa: high tech, high skills, high wage! Za malu zemlju poput nas to je jedini na\u010din za dugoro\u010dni i odr\u017eivi uspjeh\u201c. \u2013 izjavila je predsjednica CVCA Mirna Marovi\u0107.<\/p>\n<p>Na ovogodi\u0161njem BestInvest-u imali smo priliku ugostiti i Dr\u017eavnu tajnicu Zrinku Ragu\u017e iz Ministartsva regionalnog razvoja I fondova Europske unije koja je u ime Ministra Erli\u0107a BestInvest konfrenciju sve\u010dano i otvorila.<\/p>\n<p>Glavno izlaganje imao je odr\u017eali su Hrvoje \u010cuvalo, predsjednik Uprave, Hrvatska banka za obnovu i razvitak(HBOR), u kojem je naglasio klju\u010dnu ulogu HBOR-u doprinosu razvoja private equity i venture capital tr\u017ei\u0161ta.<br \/>\n\u201eHBOR se profilirao u sredi\u0161nju instituciju za razvoj tr\u017ei\u0161ta vlasni\u010dkog i kvazi-vlasni\u010dkog kapitala u RH. Za stvaranje novih fondova rizi\u010dnog kapitala i njihovo ulaganje u pokretanje, rast i razvoj hrvatskih poduze\u0107a, uz HBOR i EIF neophodna je prisutnost i drugih institucionalnih ulagatelja ali isto tako i privatnih ulagatelja jer samo s njima u sinergiji mo\u017eemo ostvariti zna\u010dajni rast.\u201c- istaknuo je na BestInvestu, predsjednik Uprave Hrvatske banke za obnovu i razvitak (HBOR), Hrvoje \u010cuvalo.<\/p>\n<p>Victoria Zinchuk, regionala direktorica, Europske banke za obnovu i razvitak (EBRD) predstavila je regionalnu podr\u0161ku private equity i venture capital ekosistemima koju pru\u017ea EBRD.<\/p>\n<p>Ostali govornici sa glavnim izlaganjima bili su Nikolina Lauc (GlycanAge) koja je odr\u017eala prezentaciju na temu \u201cMo\u017eemo li zaustaviti ili \u010dak vratiti biolo\u0161ko starenje kako bismo \u017eivjeli dulji i zdraviji \u017eivot?\u201d, Dubravko Babi\u0107 (Eridan Communications Inc.) razgovarao je o tehnolo\u0161kim startup-ovima u Silicon Valley-u, Dominik Dolenec (Emona Capital) koji je predstavio svoje vi\u0111enje globalnog \u0161irenja poslovanja za CEE tvrtke iz Londonskog kuta, te Ivo Bo\u017ei\u0107 (Raiffeisen Bank International AG) koji je prezentirao inovativni na\u010din financiranja venture dugom za startupove\/scale-upove.<\/p>\n<p>Na panelu private equity investitora, sudjelovali su investitori \u2018te\u0161ki\u2019 4 miljarde eura, a radi se o Marko Gali\u0107 (Provectus Capital Partners), Kre\u0161imir Gjenero (Mezzanine Partners), Tomislav Tomljenovic (Enterprise Investors), Aleksandar Dragi\u010devi\u0107 (Mid Europa) i Mateo \u017dokalj (BlackPeak Capital), a panel je moderirao Vladimir Ni\u0161evi\u0107 (Poslovni dnevnik).<\/p>\n<p>Na panelu osiva\u010da, sudjelovali su Miryana Joksovi\u0107 (Arcion Labs), Matija Naki\u0107 (Farseer), Edo Mujki\u0107 (BiteMe Nutrition) i Marin Bek (Ascalia), a panel je moderirao Bernard Ivezi\u0107 (Jutarnji List).<\/p>\n<p>Odr\u017eana su i dva Fireside chat-a, gdje su Goran Deak (TDA), Julien Coustaury (Fil Rouge Capital) i Pierre Matek (Feelsgood Capital), i moderatorica Mirna Marovic (CVCA), razgovarali o putu od lokalnog financiranja do globalnog utjecaja TDA-a. Drugi Fireside Chat bio je na temu globalnog uspjeha \u0161irenja Muzeja Iluzija gdje je svoja razmi\u0161ljanja podijelio Teo \u0160irola, predsjednik Muzeja Iluzija u razgovoru s Mirnom Marovi\u0107 (CVCA).<\/p>\n<p>Stru\u010dni \u017eiri za odabir i dodjelu BestInvest nagrada \u010dinili eminentni stru\u010dnjaci iz poslovne zajednice koji su nagrade uru\u010dili ovogodi\u0161njim laureatima (po abecednom redu): Hajdi \u0106enan (CRO StartUP), Ivana Ga\u017ei\u0107 (ZSE), ), Marijana Ivanov (Ekonomski fakultet\/Hvatski izvoznici), Bernard Ivezi\u0107 (Jutarnji list), Andrej Knez (Bloomberg Adria), \u017deljko Krizmani\u0107 (Bird Inkubator), Leo Mr\u0161i\u0107 (Algebra), Vladimir Ni\u0161evi\u0107 (Poslovni dnevnik), Tamara Perko (HUB), Morena Pleji\u0107 (Progress tr\u017ei\u0161te ZSE), Hrvoje Serdaru\u0161i\u0107, Velimir Sri\u0107a (Ekonomski fakultet) i Filip Stipan\u010di\u0107 (Lean Startup Croatia), Miodrag \u0160ajatovi\u0107 (Lider), Goran \u0160aravnja (HGK).<\/p>\n\t\t\t\t\t\t<\/div>\n\t\t\t\t<\/div>\n\t\t\t\t<section class=\"has_ae_slider elementor-section elementor-inner-section elementor-element elementor-element-db3be98 elementor-section-boxed elementor-section-height-default elementor-section-height-default ae-bg-gallery-type-default\" data-id=\"db3be98\" data-element_type=\"section\">\n\t\t\t\t\t\t<div class=\"elementor-container elementor-column-gap-default\">\n\t\t\t\t\t<div class=\"has_ae_slider elementor-column elementor-col-100 elementor-inner-column elementor-element elementor-element-5fa239e ae-bg-gallery-type-default\" data-id=\"5fa239e\" data-element_type=\"column\">\n\t\t\t<div class=\"elementor-widget-wrap elementor-element-populated\">\n\t\t\t\t\t\t\t\t<div class=\"elementor-element elementor-element-7c97920 my-btn hide elementor-widget__width-auto elementor-widget elementor-widget-button\" data-id=\"7c97920\" data-element_type=\"widget\" data-widget_type=\"button.default\">\n\t\t\t\t<div class=\"elementor-widget-container\">\n\t\t\t\t\t<div class=\"elementor-button-wrapper\">\n\t\t\t<a class=\"elementor-button elementor-button-link elementor-size-md\" href=\"#\">\n\t\t\t\t\t\t<span class=\"elementor-button-content-wrapper\">\n\t\t\t\t\t\t<span class=\"elementor-button-text\">PREUZMI BRO\u0160URU<\/span>\n\t\t<\/span>\n\t\t\t\t\t<\/a>\n\t\t<\/div>\n\t\t\t\t<\/div>\n\t\t\t\t<\/div>\n\t\t\t\t<div class=\"elementor-element elementor-element-37277ac my-btn hide elementor-widget__width-auto elementor-widget elementor-widget-button\" data-id=\"37277ac\" data-element_type=\"widget\" data-widget_type=\"button.default\">\n\t\t\t\t<div class=\"elementor-widget-container\">\n\t\t\t\t\t<div class=\"elementor-button-wrapper\">\n\t\t\t<a class=\"elementor-button elementor-button-link elementor-size-md\" href=\"#\">\n\t\t\t\t\t\t<span class=\"elementor-button-content-wrapper\">\n\t\t\t\t\t\t<span class=\"elementor-button-text\">Pogledaj snimku 2023<\/span>\n\t\t<\/span>\n\t\t\t\t\t<\/a>\n\t\t<\/div>\n\t\t\t\t<\/div>\n\t\t\t\t<\/div>\n\t\t\t\t<div class=\"elementor-element elementor-element-a0b0122 my-btn elementor-widget__width-auto elementor-widget elementor-widget-button\" data-id=\"a0b0122\" data-element_type=\"widget\" data-widget_type=\"button.default\">\n\t\t\t\t<div class=\"elementor-widget-container\">\n\t\t\t\t\t<div class=\"elementor-button-wrapper\">\n\t\t\t<a class=\"elementor-button elementor-button-link elementor-size-md\" href=\"https:\/\/bestinvest.hr\/hr\/galerija-bestinvest-2023\/\">\n\t\t\t\t\t\t<span class=\"elementor-button-content-wrapper\">\n\t\t\t\t\t\t<span class=\"elementor-button-text\">Pogledaj galeriju 2023<\/span>\n\t\t<\/span>\n\t\t\t\t\t<\/a>\n\t\t<\/div>\n\t\t\t\t<\/div>\n\t\t\t\t<\/div>\n\t\t\t\t<div class=\"elementor-element elementor-element-d246811 my-btn hide elementor-widget__width-auto elementor-widget elementor-widget-button\" data-id=\"d246811\" data-element_type=\"widget\" data-widget_type=\"button.default\">\n\t\t\t\t<div class=\"elementor-widget-container\">\n\t\t\t\t\t<div class=\"elementor-button-wrapper\">\n\t\t\t<a class=\"elementor-button elementor-size-md\" role=\"button\">\n\t\t\t\t\t\t<span class=\"elementor-button-content-wrapper\">\n\t\t\t\t\t\t<span class=\"elementor-button-text\">POGLEDAJ SNIMKU<\/span>\n\t\t<\/span>\n\t\t\t\t\t<\/a>\n\t\t<\/div>\n\t\t\t\t<\/div>\n\t\t\t\t<\/div>\n\t\t\t\t<div class=\"elementor-element elementor-element-b56bd82 my-btn hide elementor-widget__width-auto elementor-widget elementor-widget-button\" data-id=\"b56bd82\" data-element_type=\"widget\" data-widget_type=\"button.default\">\n\t\t\t\t<div class=\"elementor-widget-container\">\n\t\t\t\t\t<div class=\"elementor-button-wrapper\">\n\t\t\t<a class=\"elementor-button elementor-size-md\" role=\"button\">\n\t\t\t\t\t\t<span class=\"elementor-button-content-wrapper\">\n\t\t\t\t\t\t<span class=\"elementor-button-text\">GALERIJA<\/span>\n\t\t<\/span>\n\t\t\t\t\t<\/a>\n\t\t<\/div>\n\t\t\t\t<\/div>\n\t\t\t\t<\/div>\n\t\t\t\t\t<\/div>\n\t\t<\/div>\n\t\t\t\t\t\t\t<\/div>\n\t\t<\/section>\n\t\t\t\t\t<\/div>\n\t\t<\/div>\n\t\t\t\t\t\t\t<\/div>\n\t\t<\/section>\n\t\t\t\t\t\t\t<\/div>\n\t\t","protected":false},"excerpt":{"rendered":"<p>BestInvest: Hrvatska \u010dak pet puta bolja od prosjeka CEE regije u private equity i venture capital ulaganjima 29. srpnja 2023. Na tre\u0107oj godi\u0161njoj konferenciji BestInvest Hrvatska u organizaciji Hrvatske Private Equity i Venture Capital Asocijacije (CVCA) odr\u017eanoj 27. lipnja 2023. u Westinu, dodijeljene su godi\u0161nje nagrade za najbolja ulaganja u brzorastu\u0107e kompanije i startupove tj. [&hellip;]<\/p>\n","protected":false},"author":1,"featured_media":0,"parent":0,"menu_order":0,"comment_status":"closed","ping_status":"closed","template":"","meta":{"footnotes":""},"class_list":["post-4662","page","type-page","status-publish","hentry"],"aioseo_notices":[],"_links":{"self":[{"href":"https:\/\/bestinvest.hr\/hr\/wp-json\/wp\/v2\/pages\/4662","targetHints":{"allow":["GET"]}}],"collection":[{"href":"https:\/\/bestinvest.hr\/hr\/wp-json\/wp\/v2\/pages"}],"about":[{"href":"https:\/\/bestinvest.hr\/hr\/wp-json\/wp\/v2\/types\/page"}],"author":[{"embeddable":true,"href":"https:\/\/bestinvest.hr\/hr\/wp-json\/wp\/v2\/users\/1"}],"replies":[{"embeddable":true,"href":"https:\/\/bestinvest.hr\/hr\/wp-json\/wp\/v2\/comments?post=4662"}],"version-history":[{"count":1,"href":"https:\/\/bestinvest.hr\/hr\/wp-json\/wp\/v2\/pages\/4662\/revisions"}],"predecessor-version":[{"id":4663,"href":"https:\/\/bestinvest.hr\/hr\/wp-json\/wp\/v2\/pages\/4662\/revisions\/4663"}],"wp:attachment":[{"href":"https:\/\/bestinvest.hr\/hr\/wp-json\/wp\/v2\/media?parent=4662"}],"curies":[{"name":"wp","href":"https:\/\/api.w.org\/{rel}","templated":true}]}}