{"id":3523,"date":"2022-07-07T12:51:33","date_gmt":"2022-07-07T10:51:33","guid":{"rendered":"https:\/\/bestinvest.hr\/obavijest-2022\/"},"modified":"2022-07-22T17:13:28","modified_gmt":"2022-07-22T15:13:28","slug":"obavijest-2022","status":"publish","type":"page","link":"https:\/\/bestinvest.hr\/hr\/obavijest-2022\/","title":{"rendered":"Obavijest 2022"},"content":{"rendered":"\t\t<div data-elementor-type=\"wp-page\" data-elementor-id=\"3523\" class=\"elementor elementor-3523 elementor-3514\" data-elementor-post-type=\"page\">\n\t\t\t\t\t\t\t\t\t<section class=\"has_ae_slider elementor-section elementor-top-section elementor-element elementor-element-b0f17f7 elementor-section-content-bottom elementor-section-boxed elementor-section-height-default elementor-section-height-default ae-bg-gallery-type-default\" data-id=\"b0f17f7\" data-element_type=\"section\">\n\t\t\t\t\t\t<div class=\"elementor-container elementor-column-gap-default\">\n\t\t\t\t\t<div class=\"has_ae_slider elementor-column elementor-col-100 elementor-top-column elementor-element elementor-element-ce84360 ae-bg-gallery-type-default\" data-id=\"ce84360\" data-element_type=\"column\">\n\t\t\t<div class=\"elementor-widget-wrap elementor-element-populated\">\n\t\t\t\t\t\t\t\t<div class=\"elementor-element elementor-element-30d41c9 elementor-widget elementor-widget-heading\" data-id=\"30d41c9\" data-element_type=\"widget\" data-widget_type=\"heading.default\">\n\t\t\t\t<div class=\"elementor-widget-container\">\n\t\t\t<style>\/*! elementor - v3.18.0 - 20-12-2023 *\/\n.elementor-heading-title{padding:0;margin:0;line-height:1}.elementor-widget-heading .elementor-heading-title[class*=elementor-size-]>a{color:inherit;font-size:inherit;line-height:inherit}.elementor-widget-heading .elementor-heading-title.elementor-size-small{font-size:15px}.elementor-widget-heading .elementor-heading-title.elementor-size-medium{font-size:19px}.elementor-widget-heading .elementor-heading-title.elementor-size-large{font-size:29px}.elementor-widget-heading .elementor-heading-title.elementor-size-xl{font-size:39px}.elementor-widget-heading .elementor-heading-title.elementor-size-xxl{font-size:59px}<\/style><h2 class=\"elementor-heading-title elementor-size-default\">BestInvest Hrvatska: Mate Rimac dvostruki laureat, a nagra\u0111ena je i hrvatska fran\u0161iza kao globalni hit Muzej iluzija<\/h2>\t\t<\/div>\n\t\t\t\t<\/div>\n\t\t\t\t<div class=\"elementor-element elementor-element-999ae2c elementor-widget elementor-widget-text-editor\" data-id=\"999ae2c\" data-element_type=\"widget\" data-widget_type=\"text-editor.default\">\n\t\t\t\t<div class=\"elementor-widget-container\">\n\t\t\t<style>\/*! elementor - v3.18.0 - 20-12-2023 *\/\n.elementor-widget-text-editor.elementor-drop-cap-view-stacked .elementor-drop-cap{background-color:#69727d;color:#fff}.elementor-widget-text-editor.elementor-drop-cap-view-framed .elementor-drop-cap{color:#69727d;border:3px solid;background-color:transparent}.elementor-widget-text-editor:not(.elementor-drop-cap-view-default) .elementor-drop-cap{margin-top:8px}.elementor-widget-text-editor:not(.elementor-drop-cap-view-default) .elementor-drop-cap-letter{width:1em;height:1em}.elementor-widget-text-editor .elementor-drop-cap{float:left;text-align:center;line-height:1;font-size:50px}.elementor-widget-text-editor .elementor-drop-cap-letter{display:inline-block}<\/style>\t\t\t\t<p>6. srpnja 2022.<\/p>\n\t\t\t\t\t\t<\/div>\n\t\t\t\t<\/div>\n\t\t\t\t<div class=\"elementor-element elementor-element-693a8db elementor-widget elementor-widget-image\" data-id=\"693a8db\" data-element_type=\"widget\" data-widget_type=\"image.default\">\n\t\t\t\t<div class=\"elementor-widget-container\">\n\t\t\t<style>\/*! elementor - v3.18.0 - 20-12-2023 *\/\n.elementor-widget-image{text-align:center}.elementor-widget-image a{display:inline-block}.elementor-widget-image a img[src$=\".svg\"]{width:48px}.elementor-widget-image img{vertical-align:middle;display:inline-block}<\/style>\t\t\t\t\t\t\t\t\t\t\t\t<img fetchpriority=\"high\" decoding=\"async\" width=\"800\" height=\"421\" src=\"https:\/\/bestinvest.hr\/wp-content\/uploads\/2022\/02\/wide-sustainable.png\" class=\"attachment-large size-large wp-image-97\" alt=\"\" srcset=\"https:\/\/bestinvest.hr\/wp-content\/uploads\/2022\/02\/wide-sustainable.png 950w, https:\/\/bestinvest.hr\/wp-content\/uploads\/2022\/02\/wide-sustainable-300x158.png 300w, https:\/\/bestinvest.hr\/wp-content\/uploads\/2022\/02\/wide-sustainable-768x404.png 768w\" sizes=\"(max-width: 800px) 100vw, 800px\" \/>\t\t\t\t\t\t\t\t\t\t\t\t\t\t\t<\/div>\n\t\t\t\t<\/div>\n\t\t\t\t<div class=\"elementor-element elementor-element-77e2ab2 text elementor-widget elementor-widget-text-editor\" data-id=\"77e2ab2\" data-element_type=\"widget\" data-widget_type=\"text-editor.default\">\n\t\t\t\t<div class=\"elementor-widget-container\">\n\t\t\t\t\t\t\t<p>Na godi\u0161njoj konferenciji <a href=\"https:\/\/bestinvest.hr\/hr\/\">BestInvest<\/a> Hrvatska u organizaciji Hrvatske Private Equity i Venture Capital Asocijacije (<a href=\"https:\/\/cvca.hr\/\">CVCA<\/a>) odr\u017eanoj danas u Westinu, dodijeljene su godi\u0161nje nagrade za najbolja ulaganja u brzorastu\u0107e kompanije i startupove tj. najbolja private equity i venture capital (PE&amp;VC) ulaganja.<\/p>\n<p>U kategorijama Osniva\u010d godine i Venture capital investicija godine nagrade je odnio Mate Rimac, a Investitor godine je Provectus Capital. Nagradu za private equity investiciju godine dobio je Muzej iluzija, izlazak iz investicije godine je dodijeljen private equity fondu Blue Sea Capital kao investitoru u tvrtku Piramida, koji je uspje\u0161no privukao vode\u0107u japanskoj korporaciji Nipro da ulo\u017ei u sesvetsku tvrtku. Nagradu za fundraising godine dobio je Feelsgood Capital za prikupljenih vi\u0161e od 200 milijuna kuna za stratupove sa \u0161irim dru\u0161tvenim utjecajem.<\/p>\n<p>\u201eKad \u0161aljemo Whatsapp poruku koristimo aplikaciju iza koje je u tehnolo\u0161kom smislu na\u0161 vodnjanski div Infobip, prvi slu\u017ebeni hrvatski jednorog \u010dija vrijednost prema\u0161uje milijardu dolara. Kad kupujemo u pekarnici, Mlinaru ili Pan-Peku, kupujemo u tvrtkama iza kojih stoji private equity kapital. Kada koristimo Bolt za prijevoz ili Wolt za dostavu hrane, koristimo usluge iza kojih stoji venture capital. Kada kupujemo u trgovini \u2013 Studencu, Loniji ili Tommyju, kupujemo u tvrtkama u vlasni\u0161tvu private equity kapitala. Kada poma\u017eemo djeci rije\u0161iti test iz matematike koristimo Photomath aplikaciju financiranu venture capitalom. Kada gledamo program Nove TV, gledamo televiziju u vlasni\u0161tvu private equity kapitala. Nemogu\u0107e je dakako navesti sve primjere, ali i ove koje sam navela stavljaju stvari u sasvim drugu perspektivu. Private equity i venture capital ulaganja su svuda oko nas, ali svima nam nedostaje svijesti koliko je va\u017ena ova industrija za budu\u0107nost Hrvatske i transformaciju na\u0161eg gospodarstva\u201c\u00a0 \u2013 kazala je predsjednica CVCA Mirna Marovi\u0107.<\/p>\n<p>Hrvatska na krilima uspjeha Rimca, Infobipa, Gideona, Photomatha i mnogih drugih uspje\u0161nih poslovnih pri\u010da potaknutih PE&amp;VC ulaganjima ima priliku izgraditi potpuno novi gospodarski ekosustav. Taj novi ekosustav je temeljen na tri stupa: high tech, high skills, high wage! Za malu zemlju poput nas to je jedini na\u010din za dugoro\u010dni i odr\u017eivi uspjeh. \u2013 izjavila je predsjednica CVCA Mirna Marovi\u0107.<\/p>\n<p>Iako je kori\u0161tenje private equity i venture capital ulaganja i dalje u Hrvatskoj ispod prosjeka EU, u nekoliko zadnjih godina bilje\u017eimo izuzetno pozitivan trend te su tako u tri godine ova ulaganja porasla za vi\u0161e od 3 puta \u2013 s 95 milijuna eura u 2019. godini na 312 milijuna eura u 2021. godini. U tome je najzna\u010dajniju ulogu imao HBOR \u2013 u zadnje tri godine omogu\u0107ili su osnivanje \u010dak pet novih fondova, no svjesni su da je jo\u0161 puno posla pred njima. To pokazuje i istra\u017eivanje \u010dije su rezultate danas predstavili, a koje je napravljeno uz podr\u0161ku Europske investicijske banke.<\/p>\n<p>\u201eIstra\u017eivanje je pokazalo da u naredne \u010detiri godine na tr\u017ei\u0161tu ulaganja u rizi\u010dni kapital nedostaje financiranje u visini od 111 milijuna eura godi\u0161nje \u2013 89 milijuna za private equity financiranje i 22 milijuna za venture capital financiranje. Razvoj tr\u017ei\u0161ta rizi\u010dnog kapitala izuzetno je va\u017ean za br\u017ei razvoj hrvatskog gospodarstva i pove\u0107anje njegove konkurentnosti. Zato je HBOR osigurao i nova sredstva iz NPOO-a namijenjena ulaganju u private equity fondove u iznosu od 30 milijuna eura kojima o\u010dekujemo da \u0107e se pridru\u017eiti i sredstva drugih ulagatelja. Prema dosada\u0161njem iskustvu, na svaki euro koji je ulo\u017eio HBOR, u fondove je dodatno ulo\u017eeno vi\u0161e od 5 eura drugih ulagatelja\u201c- istaknula je na BestInvestu Tamara Perko, predsjednica Hrvatske banke za obnovu i razvitak.<\/p>\n<p>Doga\u0111aj na kojem se okupljaju investitori \u201ete\u0161ki\u201c 3,2 milijarde eura i najbolji hrvatski poduzetnici odr\u017ean je drugu godinu za redom, a stru\u010dni \u017eiri su \u010dinili eminentni stru\u010dnjaci iz poslovne zajednice: Velimir Sri\u0107a (Ekonomski fakultet), Leo Mr\u0161i\u0107 (Algebra), \u017deljko Krizmani\u0107 (Bird Inkubator), Ognjan Despot (Funderbeam), Ivana Ga\u017ei\u0107 (ZSE), Goran \u0160aravnja (HGK), Morena Pleji\u0107 (ZSE), Marijana Ivanov (Ekonomski fakultet), Hajdi \u0106enan (CRO StartUP, CroaAI), Hrvoje Serdaru\u0161i\u0107 te Bernard Ivezi\u0107 (Jutarnji list).<\/p>\n\t\t\t\t\t\t<\/div>\n\t\t\t\t<\/div>\n\t\t\t\t<section class=\"has_ae_slider elementor-section elementor-inner-section elementor-element elementor-element-db3be98 elementor-section-boxed elementor-section-height-default elementor-section-height-default ae-bg-gallery-type-default\" data-id=\"db3be98\" data-element_type=\"section\">\n\t\t\t\t\t\t<div class=\"elementor-container elementor-column-gap-default\">\n\t\t\t\t\t<div class=\"has_ae_slider elementor-column elementor-col-100 elementor-inner-column elementor-element elementor-element-5fa239e ae-bg-gallery-type-default\" data-id=\"5fa239e\" data-element_type=\"column\">\n\t\t\t<div class=\"elementor-widget-wrap elementor-element-populated\">\n\t\t\t\t\t\t\t\t<div class=\"elementor-element elementor-element-7c97920 my-btn elementor-widget__width-auto elementor-widget elementor-widget-button\" data-id=\"7c97920\" data-element_type=\"widget\" data-widget_type=\"button.default\">\n\t\t\t\t<div class=\"elementor-widget-container\">\n\t\t\t\t\t<div class=\"elementor-button-wrapper\">\n\t\t\t<a class=\"elementor-button elementor-button-link elementor-size-md\" href=\"https:\/\/bestinvest.hr\/wp-content\/uploads\/2022\/07\/BESTINVEST-HRbrosura-FINAL2-web.pdf\">\n\t\t\t\t\t\t<span class=\"elementor-button-content-wrapper\">\n\t\t\t\t\t\t<span class=\"elementor-button-text\">PREUZMI BRO\u0160URU<\/span>\n\t\t<\/span>\n\t\t\t\t\t<\/a>\n\t\t<\/div>\n\t\t\t\t<\/div>\n\t\t\t\t<\/div>\n\t\t\t\t<div class=\"elementor-element elementor-element-37277ac my-btn elementor-widget__width-auto elementor-widget elementor-widget-button\" data-id=\"37277ac\" data-element_type=\"widget\" data-widget_type=\"button.default\">\n\t\t\t\t<div class=\"elementor-widget-container\">\n\t\t\t\t\t<div class=\"elementor-button-wrapper\">\n\t\t\t<a class=\"elementor-button elementor-button-link elementor-size-md\" href=\"https:\/\/www.youtube.com\/watch?v=Gy2EUEVD7rw&#038;ab_channel=VentureXchange\">\n\t\t\t\t\t\t<span class=\"elementor-button-content-wrapper\">\n\t\t\t\t\t\t<span class=\"elementor-button-text\">Pogledaj snimku 2022<\/span>\n\t\t<\/span>\n\t\t\t\t\t<\/a>\n\t\t<\/div>\n\t\t\t\t<\/div>\n\t\t\t\t<\/div>\n\t\t\t\t<div class=\"elementor-element elementor-element-a0b0122 my-btn elementor-widget__width-auto elementor-widget elementor-widget-button\" data-id=\"a0b0122\" data-element_type=\"widget\" data-widget_type=\"button.default\">\n\t\t\t\t<div class=\"elementor-widget-container\">\n\t\t\t\t\t<div class=\"elementor-button-wrapper\">\n\t\t\t<a class=\"elementor-button elementor-button-link elementor-size-md\" href=\"https:\/\/bestinvest.hr\/hr\/galerija-bestinvest-2022\/\">\n\t\t\t\t\t\t<span class=\"elementor-button-content-wrapper\">\n\t\t\t\t\t\t<span class=\"elementor-button-text\">Pogledaj galeriju 2022<\/span>\n\t\t<\/span>\n\t\t\t\t\t<\/a>\n\t\t<\/div>\n\t\t\t\t<\/div>\n\t\t\t\t<\/div>\n\t\t\t\t<div class=\"elementor-element elementor-element-d246811 my-btn hide elementor-widget__width-auto elementor-widget elementor-widget-button\" data-id=\"d246811\" data-element_type=\"widget\" data-widget_type=\"button.default\">\n\t\t\t\t<div class=\"elementor-widget-container\">\n\t\t\t\t\t<div class=\"elementor-button-wrapper\">\n\t\t\t<a class=\"elementor-button elementor-size-md\" role=\"button\">\n\t\t\t\t\t\t<span class=\"elementor-button-content-wrapper\">\n\t\t\t\t\t\t<span class=\"elementor-button-text\">POGLEDAJ SNIMKU<\/span>\n\t\t<\/span>\n\t\t\t\t\t<\/a>\n\t\t<\/div>\n\t\t\t\t<\/div>\n\t\t\t\t<\/div>\n\t\t\t\t<div class=\"elementor-element elementor-element-b56bd82 my-btn hide elementor-widget__width-auto elementor-widget elementor-widget-button\" data-id=\"b56bd82\" data-element_type=\"widget\" data-widget_type=\"button.default\">\n\t\t\t\t<div class=\"elementor-widget-container\">\n\t\t\t\t\t<div class=\"elementor-button-wrapper\">\n\t\t\t<a class=\"elementor-button elementor-size-md\" role=\"button\">\n\t\t\t\t\t\t<span class=\"elementor-button-content-wrapper\">\n\t\t\t\t\t\t<span class=\"elementor-button-text\">GALERIJA<\/span>\n\t\t<\/span>\n\t\t\t\t\t<\/a>\n\t\t<\/div>\n\t\t\t\t<\/div>\n\t\t\t\t<\/div>\n\t\t\t\t\t<\/div>\n\t\t<\/div>\n\t\t\t\t\t\t\t<\/div>\n\t\t<\/section>\n\t\t\t\t\t<\/div>\n\t\t<\/div>\n\t\t\t\t\t\t\t<\/div>\n\t\t<\/section>\n\t\t\t\t\t\t\t<\/div>\n\t\t","protected":false},"excerpt":{"rendered":"<p>BestInvest Hrvatska: Mate Rimac dvostruki laureat, a nagra\u0111ena je i hrvatska fran\u0161iza kao globalni hit Muzej iluzija 6. srpnja 2022. Na godi\u0161njoj konferenciji BestInvest Hrvatska u organizaciji Hrvatske Private Equity i Venture Capital Asocijacije (CVCA) odr\u017eanoj danas u Westinu, dodijeljene su godi\u0161nje nagrade za najbolja ulaganja u brzorastu\u0107e kompanije i startupove tj. najbolja private equity [&hellip;]<\/p>\n","protected":false},"author":1,"featured_media":0,"parent":0,"menu_order":0,"comment_status":"closed","ping_status":"closed","template":"","meta":{"footnotes":""},"class_list":["post-3523","page","type-page","status-publish","hentry"],"aioseo_notices":[],"_links":{"self":[{"href":"https:\/\/bestinvest.hr\/hr\/wp-json\/wp\/v2\/pages\/3523","targetHints":{"allow":["GET"]}}],"collection":[{"href":"https:\/\/bestinvest.hr\/hr\/wp-json\/wp\/v2\/pages"}],"about":[{"href":"https:\/\/bestinvest.hr\/hr\/wp-json\/wp\/v2\/types\/page"}],"author":[{"embeddable":true,"href":"https:\/\/bestinvest.hr\/hr\/wp-json\/wp\/v2\/users\/1"}],"replies":[{"embeddable":true,"href":"https:\/\/bestinvest.hr\/hr\/wp-json\/wp\/v2\/comments?post=3523"}],"version-history":[{"count":12,"href":"https:\/\/bestinvest.hr\/hr\/wp-json\/wp\/v2\/pages\/3523\/revisions"}],"predecessor-version":[{"id":3678,"href":"https:\/\/bestinvest.hr\/hr\/wp-json\/wp\/v2\/pages\/3523\/revisions\/3678"}],"wp:attachment":[{"href":"https:\/\/bestinvest.hr\/hr\/wp-json\/wp\/v2\/media?parent=3523"}],"curies":[{"name":"wp","href":"https:\/\/api.w.org\/{rel}","templated":true}]}}